{"id":11,"date":"2022-11-07T14:32:27","date_gmt":"2022-11-07T13:32:27","guid":{"rendered":"https:\/\/www.sammlung-klee.de\/?page_id=11"},"modified":"2024-11-27T14:30:39","modified_gmt":"2024-11-27T13:30:39","slug":"haftungsausschluss-2","status":"publish","type":"page","link":"https:\/\/www.sammlung-klee.de\/en\/haftungsausschluss-2\/","title":{"rendered":"disclaimer"},"content":{"rendered":"<p>disclaimer<\/p>\n\n\n\n<p>1. Contents of the website \u2013 The contents of this website were written with due diligence and by the author\u2019s best knowledge. We can be held liable only by general laws, especially for our own contents. As a Provider of tele-media we can be held liable for external contents only once we have knowledge of a concrete infringement of law. We reserve the right to change or delete contents of this webpage which are not subject to any contractual obligation.<\/p>\n\n\n\n<p>2. Links on external Websites \u2013 Contents of external websites on which we are linking direct or indirect (through \u201ehyperlinks\u201c or \u201edeeplinks\u201c) are beyond our responsibility and are not adopted as our own content. When the links were published, we didn\u2019t have knowledge of any illegal activities or contents on these websites. Since we do not have any control on the contents of these websites, we distance ourselves from all contents of all linked websites, which were updated after the setting of the links. For all contents and especially damages, resulting of the use of the linked websites, only the provider of these linked websites can be held liable. If we receive knowledge of illegal contents on these linked websites, we will delete the according links.<\/p>\n\n\n\n<p>3. Intellectual property rights \u2013 All content of this website, especially texts, pictures, images, graphical presentations, music, trademarks, brands and so forth, are subject to copyright laws. The use, reproduction and so on are subject to the individual rights of the respective owner of the copyright or administrator of these rights. If you want to use such content, please let us know and we will establish contact with the respective owner\/administrator.<\/p>\n\n\n\n<p><\/p>\n\n\n\n<p>Haftungsausschluss<\/p>\n\n\n\n<p>1. Inhalt der Webseite \u2013 Die Inhalte dieser Webseite wurden sorgf\u00e4ltig und nach aktuellem Kenntnisstand des Autors erstellt. Wir sind f\u00fcr diese nur im Rahmen der allgemeinen Gesetze verantwortlich, insbesonders f\u00fcr eigene Inhalte. Als Diensteanbieter sind wir f\u00fcr fremde Inhalte fr\u00fchestens ab Kenntniserlangung einer konkreten Rechtsverletzung verantwortlich. Wir behalten uns vor, die informatorischen Inhalte vollst\u00e4ndig oder teilweise zu \u00e4ndern oder l\u00f6schen, soweit vertragliche Verpflichtungen unber\u00fchrt bleiben.<\/p>\n\n\n\n<p>2. Verweisung auf fremde Seiten \u2013 Inhalte fremder Webseiten, auf die wir direkt oder indirekt verweisen (durch \u201eHyperlinks\u201c oder \u201eDeeplinks\u201c), liegen au\u00dferhalb unseres Verantwortungsbereiches und machen wir uns nicht zu Eigen. Zum Zeitpunkt der Linksetzung waren f\u00fcr uns keine illegalen Inhalte auf den verlinkten Webseiten erkennbar. Da wir auf die aktuelle und zuk\u00fcnftige Gestaltung die Inhalte der verlinkten Webseiten keinerlei Einfluss haben, distanzieren wir uns ausdr\u00fccklich von allen Inhalten verlinkter Webseiten, die nach der Linksetzung ver\u00e4ndert wurden. F\u00fcr alle Inhalte und insbesondere f\u00fcr Sch\u00e4den, die aus der Nutzung der in den verlinkten Webseiten aufrufbaren Informationen entstehen, haftet allein der Anbieter der Seite, auf welche verlinkt wurde. Erhalten wir von illegalen, rechtswidrigen oder fehlerhaften Inhalten auf Webseiten Kenntnis, die wir verlinken, werden wir die Verlinkung aufheben.<\/p>\n\n\n\n<p>3. Urheberrechte \u2013 Alle auf dieser Webseite dargestellten Inhalte, also insbesondere Texte, Bilder, Fotos, grafische Darstellungen, Musiken, Marken, Warenzeichen, unterliegen den Normen des deutschen Urheberrechts. Die Verwendung, Vervielf\u00e4ltigung usw. unterliegt den Rechten der jeweiligen Urheber bzw. Rechteverwalter. Wenn Sie solche Werke verwenden wollen, werden wir auf Anfrage gerne den Kontakt zum jeweiligen Urheber\/Rechteverwalter herstellen.<\/p>","protected":false},"excerpt":{"rendered":"<p>disclaimer 1. Contents of the website \u2013 The contents of this website were written with due diligence and by the author\u2019s best knowledge. We can be held liable only by general laws, especially for our own contents. As a Provider of tele-media we can be held liable for external contents only once we have knowledge [&hellip;]<\/p>","protected":false},"author":1,"featured_media":0,"parent":0,"menu_order":0,"comment_status":"closed","ping_status":"closed","template":"","meta":{"_acf_changed":false,"footnotes":""},"class_list":["post-11","page","type-page","status-publish","hentry"],"acf":[],"yoast_head":"<!-- This site is optimized with the Yoast SEO plugin v27.5 - https:\/\/yoast.com\/product\/yoast-seo-wordpress\/ -->\n<title>haftungsausschluss | sammlung klee<\/title>\n<meta name=\"robots\" content=\"index, follow, max-snippet:-1, max-image-preview:large, max-video-preview:-1\" \/>\n<link rel=\"canonical\" href=\"https:\/\/www.sammlung-klee.de\/en\/haftungsausschluss-2\/\" \/>\n<meta property=\"og:locale\" content=\"en_GB\" \/>\n<meta property=\"og:type\" content=\"article\" \/>\n<meta property=\"og:title\" content=\"haftungsausschluss | sammlung klee\" \/>\n<meta property=\"og:description\" content=\"disclaimer 1. Contents of the website \u2013 The contents of this website were written with due diligence and by the author\u2019s best knowledge. We can be held liable only by general laws, especially for our own contents. As a Provider of tele-media we can be held liable for external contents only once we have knowledge [&hellip;]\" \/>\n<meta property=\"og:url\" content=\"https:\/\/www.sammlung-klee.de\/en\/haftungsausschluss-2\/\" \/>\n<meta property=\"og:site_name\" content=\"sammlung klee\" \/>\n<meta property=\"article:modified_time\" content=\"2024-11-27T13:30:39+00:00\" \/>\n<meta property=\"og:image\" content=\"https:\/\/www.sammlung-klee.de\/wp-content\/uploads\/cropped-sammlung_klee_logo-1-1536x364-1-1.png\" \/>\n\t<meta property=\"og:image:width\" content=\"1536\" \/>\n\t<meta property=\"og:image:height\" content=\"364\" \/>\n\t<meta property=\"og:image:type\" content=\"image\/png\" \/>\n<meta name=\"twitter:card\" content=\"summary_large_image\" \/>\n<meta name=\"twitter:label1\" content=\"Estimated reading time\" \/>\n\t<meta name=\"twitter:data1\" content=\"3 minutes\" \/>\n<script type=\"application\/ld+json\" class=\"yoast-schema-graph\">{\"@context\":\"https:\\\/\\\/schema.org\",\"@graph\":[{\"@type\":\"WebPage\",\"@id\":\"https:\\\/\\\/www.sammlung-klee.de\\\/haftungsausschluss-2\\\/\",\"url\":\"https:\\\/\\\/www.sammlung-klee.de\\\/haftungsausschluss-2\\\/\",\"name\":\"haftungsausschluss | sammlung klee\",\"isPartOf\":{\"@id\":\"https:\\\/\\\/www.sammlung-klee.de\\\/#website\"},\"datePublished\":\"2022-11-07T13:32:27+00:00\",\"dateModified\":\"2024-11-27T13:30:39+00:00\",\"breadcrumb\":{\"@id\":\"https:\\\/\\\/www.sammlung-klee.de\\\/haftungsausschluss-2\\\/#breadcrumb\"},\"inLanguage\":\"en-GB\",\"potentialAction\":[{\"@type\":\"ReadAction\",\"target\":[\"https:\\\/\\\/www.sammlung-klee.de\\\/haftungsausschluss-2\\\/\"]}]},{\"@type\":\"BreadcrumbList\",\"@id\":\"https:\\\/\\\/www.sammlung-klee.de\\\/haftungsausschluss-2\\\/#breadcrumb\",\"itemListElement\":[{\"@type\":\"ListItem\",\"position\":1,\"name\":\"Home\",\"item\":\"https:\\\/\\\/www.sammlung-klee.de\\\/\"},{\"@type\":\"ListItem\",\"position\":2,\"name\":\"haftungsausschluss\"}]},{\"@type\":\"WebSite\",\"@id\":\"https:\\\/\\\/www.sammlung-klee.de\\\/#website\",\"url\":\"https:\\\/\\\/www.sammlung-klee.de\\\/\",\"name\":\"sammlung klee\",\"description\":\"architektur visualisierung\",\"publisher\":{\"@id\":\"https:\\\/\\\/www.sammlung-klee.de\\\/#organization\"},\"potentialAction\":[{\"@type\":\"SearchAction\",\"target\":{\"@type\":\"EntryPoint\",\"urlTemplate\":\"https:\\\/\\\/www.sammlung-klee.de\\\/?s={search_term_string}\"},\"query-input\":{\"@type\":\"PropertyValueSpecification\",\"valueRequired\":true,\"valueName\":\"search_term_string\"}}],\"inLanguage\":\"en-GB\"},{\"@type\":\"Organization\",\"@id\":\"https:\\\/\\\/www.sammlung-klee.de\\\/#organization\",\"name\":\"sammlung klee\",\"url\":\"https:\\\/\\\/www.sammlung-klee.de\\\/\",\"logo\":{\"@type\":\"ImageObject\",\"inLanguage\":\"en-GB\",\"@id\":\"https:\\\/\\\/www.sammlung-klee.de\\\/#\\\/schema\\\/logo\\\/image\\\/\",\"url\":\"https:\\\/\\\/www.sammlung-klee.de\\\/wp-content\\\/uploads\\\/cropped-sammlung_klee_logo-1-1536x364-1-1.png\",\"contentUrl\":\"https:\\\/\\\/www.sammlung-klee.de\\\/wp-content\\\/uploads\\\/cropped-sammlung_klee_logo-1-1536x364-1-1.png\",\"width\":1536,\"height\":364,\"caption\":\"sammlung klee\"},\"image\":{\"@id\":\"https:\\\/\\\/www.sammlung-klee.de\\\/#\\\/schema\\\/logo\\\/image\\\/\"},\"sameAs\":[\"https:\\\/\\\/www.instagram.com\\\/sammlungklee\\\/\"]}]}<\/script>\n<!-- \/ Yoast SEO plugin. -->","yoast_head_json":{"title":"haftungsausschluss | sammlung klee","robots":{"index":"index","follow":"follow","max-snippet":"max-snippet:-1","max-image-preview":"max-image-preview:large","max-video-preview":"max-video-preview:-1"},"canonical":"https:\/\/www.sammlung-klee.de\/en\/haftungsausschluss-2\/","og_locale":"en_GB","og_type":"article","og_title":"haftungsausschluss | sammlung klee","og_description":"disclaimer 1. Contents of the website \u2013 The contents of this website were written with due diligence and by the author\u2019s best knowledge. We can be held liable only by general laws, especially for our own contents. As a Provider of tele-media we can be held liable for external contents only once we have knowledge [&hellip;]","og_url":"https:\/\/www.sammlung-klee.de\/en\/haftungsausschluss-2\/","og_site_name":"sammlung klee","article_modified_time":"2024-11-27T13:30:39+00:00","og_image":[{"width":1536,"height":364,"url":"https:\/\/www.sammlung-klee.de\/wp-content\/uploads\/cropped-sammlung_klee_logo-1-1536x364-1-1.png","type":"image\/png"}],"twitter_card":"summary_large_image","twitter_misc":{"Estimated reading time":"3 minutes"},"schema":{"@context":"https:\/\/schema.org","@graph":[{"@type":"WebPage","@id":"https:\/\/www.sammlung-klee.de\/haftungsausschluss-2\/","url":"https:\/\/www.sammlung-klee.de\/haftungsausschluss-2\/","name":"haftungsausschluss | sammlung klee","isPartOf":{"@id":"https:\/\/www.sammlung-klee.de\/#website"},"datePublished":"2022-11-07T13:32:27+00:00","dateModified":"2024-11-27T13:30:39+00:00","breadcrumb":{"@id":"https:\/\/www.sammlung-klee.de\/haftungsausschluss-2\/#breadcrumb"},"inLanguage":"en-GB","potentialAction":[{"@type":"ReadAction","target":["https:\/\/www.sammlung-klee.de\/haftungsausschluss-2\/"]}]},{"@type":"BreadcrumbList","@id":"https:\/\/www.sammlung-klee.de\/haftungsausschluss-2\/#breadcrumb","itemListElement":[{"@type":"ListItem","position":1,"name":"Home","item":"https:\/\/www.sammlung-klee.de\/"},{"@type":"ListItem","position":2,"name":"haftungsausschluss"}]},{"@type":"WebSite","@id":"https:\/\/www.sammlung-klee.de\/#website","url":"https:\/\/www.sammlung-klee.de\/","name":"sammlung klee","description":"architektur visualisierung","publisher":{"@id":"https:\/\/www.sammlung-klee.de\/#organization"},"potentialAction":[{"@type":"SearchAction","target":{"@type":"EntryPoint","urlTemplate":"https:\/\/www.sammlung-klee.de\/?s={search_term_string}"},"query-input":{"@type":"PropertyValueSpecification","valueRequired":true,"valueName":"search_term_string"}}],"inLanguage":"en-GB"},{"@type":"Organization","@id":"https:\/\/www.sammlung-klee.de\/#organization","name":"sammlung klee","url":"https:\/\/www.sammlung-klee.de\/","logo":{"@type":"ImageObject","inLanguage":"en-GB","@id":"https:\/\/www.sammlung-klee.de\/#\/schema\/logo\/image\/","url":"https:\/\/www.sammlung-klee.de\/wp-content\/uploads\/cropped-sammlung_klee_logo-1-1536x364-1-1.png","contentUrl":"https:\/\/www.sammlung-klee.de\/wp-content\/uploads\/cropped-sammlung_klee_logo-1-1536x364-1-1.png","width":1536,"height":364,"caption":"sammlung klee"},"image":{"@id":"https:\/\/www.sammlung-klee.de\/#\/schema\/logo\/image\/"},"sameAs":["https:\/\/www.instagram.com\/sammlungklee\/"]}]}},"_links":{"self":[{"href":"https:\/\/www.sammlung-klee.de\/en\/wp-json\/wp\/v2\/pages\/11","targetHints":{"allow":["GET"]}}],"collection":[{"href":"https:\/\/www.sammlung-klee.de\/en\/wp-json\/wp\/v2\/pages"}],"about":[{"href":"https:\/\/www.sammlung-klee.de\/en\/wp-json\/wp\/v2\/types\/page"}],"author":[{"embeddable":true,"href":"https:\/\/www.sammlung-klee.de\/en\/wp-json\/wp\/v2\/users\/1"}],"replies":[{"embeddable":true,"href":"https:\/\/www.sammlung-klee.de\/en\/wp-json\/wp\/v2\/comments?post=11"}],"version-history":[{"count":1,"href":"https:\/\/www.sammlung-klee.de\/en\/wp-json\/wp\/v2\/pages\/11\/revisions"}],"predecessor-version":[{"id":555,"href":"https:\/\/www.sammlung-klee.de\/en\/wp-json\/wp\/v2\/pages\/11\/revisions\/555"}],"wp:attachment":[{"href":"https:\/\/www.sammlung-klee.de\/en\/wp-json\/wp\/v2\/media?parent=11"}],"curies":[{"name":"wp","href":"https:\/\/api.w.org\/{rel}","templated":true}]}}