{"id":559,"date":"2024-11-27T14:55:44","date_gmt":"2024-11-27T13:55:44","guid":{"rendered":"https:\/\/www.sammlung-klee.de\/?page_id=559"},"modified":"2024-11-27T15:01:06","modified_gmt":"2024-11-27T14:01:06","slug":"about","status":"publish","type":"page","link":"https:\/\/www.sammlung-klee.de\/en\/about\/","title":{"rendered":"about"},"content":{"rendered":"<p>Sammlung Klee creates images \u2013 often from the initial concept to the final design. In doing so, we are not only visual artists but also designers ourselves. As architects, our work doesn\u2019t begin with visualization; it often starts in the early conceptual phase. We design spaces, furniture, objects. And in the end, there is an image, an animation, a complete 3D environment.<br><br>\nAs designers and visual artists, we know how to combine both roles. For us, visualizations are a continuous part of the creative process. Our images are therefore more than just representations; they show how an idea becomes something tangible and bring the vision and atmosphere behind it to life.<br><br>\nThe close collaboration with our partners from the architecture and design world allows us to accompany each design throughout its creation. With our holistic approach, we capture both the details and the bigger picture.<br><br>\nSammlung Klee is led by Yvonne Beying and Florian Metz. Together, we bring our extensive experience and passion for architecture and design into every project. We combine technical expertise with a creative eye for details to create visualizations that showcase the project in its full depth.<\/p>","protected":false},"excerpt":{"rendered":"<p>Sammlung Klee erstellt Bilder \u2013 oft vom ersten Konzept bis zum finalen Design. Dabei sind wir nicht nur Visualisierer, sondern auch selbst Gestalter. Als Architekten beginnt unsere Arbeit nicht erst bei der Visualisierung, sondern oft bereits in der fr\u00fchen Konzeptionsphase. Wir entwerfen R\u00e4ume, M\u00f6bel, Objekte. Und am Ende steht ein Bild, eine Animation, eine komplette [&hellip;]<\/p>","protected":false},"author":1,"featured_media":0,"parent":0,"menu_order":0,"comment_status":"closed","ping_status":"closed","template":"","meta":{"_acf_changed":false,"footnotes":""},"class_list":["post-559","page","type-page","status-publish","hentry"],"acf":[],"yoast_head":"<!-- This site is optimized with the Yoast SEO plugin v27.5 - https:\/\/yoast.com\/product\/yoast-seo-wordpress\/ -->\n<title>about | sammlung klee<\/title>\n<meta name=\"robots\" content=\"index, follow, max-snippet:-1, max-image-preview:large, max-video-preview:-1\" \/>\n<link rel=\"canonical\" href=\"https:\/\/www.sammlung-klee.de\/en\/about\/\" \/>\n<meta property=\"og:locale\" content=\"en_GB\" \/>\n<meta property=\"og:type\" content=\"article\" \/>\n<meta property=\"og:title\" content=\"about | sammlung klee\" \/>\n<meta property=\"og:description\" content=\"Sammlung Klee erstellt Bilder \u2013 oft vom ersten Konzept bis zum finalen Design. Dabei sind wir nicht nur Visualisierer, sondern auch selbst Gestalter. Als Architekten beginnt unsere Arbeit nicht erst bei der Visualisierung, sondern oft bereits in der fr\u00fchen Konzeptionsphase. Wir entwerfen R\u00e4ume, M\u00f6bel, Objekte. Und am Ende steht ein Bild, eine Animation, eine komplette [&hellip;]\" \/>\n<meta property=\"og:url\" content=\"https:\/\/www.sammlung-klee.de\/en\/about\/\" \/>\n<meta property=\"og:site_name\" content=\"sammlung klee\" \/>\n<meta property=\"article:modified_time\" content=\"2024-11-27T14:01:06+00:00\" \/>\n<meta property=\"og:image\" content=\"https:\/\/www.sammlung-klee.de\/wp-content\/uploads\/cropped-sammlung_klee_logo-1-1536x364-1-1.png\" \/>\n\t<meta property=\"og:image:width\" content=\"1536\" \/>\n\t<meta property=\"og:image:height\" content=\"364\" \/>\n\t<meta property=\"og:image:type\" content=\"image\/png\" \/>\n<meta name=\"twitter:card\" content=\"summary_large_image\" \/>\n<meta name=\"twitter:label1\" content=\"Estimated reading time\" \/>\n\t<meta name=\"twitter:data1\" content=\"2 minutes\" \/>\n<script type=\"application\/ld+json\" class=\"yoast-schema-graph\">{\"@context\":\"https:\\\/\\\/schema.org\",\"@graph\":[{\"@type\":\"WebPage\",\"@id\":\"https:\\\/\\\/www.sammlung-klee.de\\\/about\\\/\",\"url\":\"https:\\\/\\\/www.sammlung-klee.de\\\/about\\\/\",\"name\":\"about | sammlung klee\",\"isPartOf\":{\"@id\":\"https:\\\/\\\/www.sammlung-klee.de\\\/#website\"},\"datePublished\":\"2024-11-27T13:55:44+00:00\",\"dateModified\":\"2024-11-27T14:01:06+00:00\",\"breadcrumb\":{\"@id\":\"https:\\\/\\\/www.sammlung-klee.de\\\/about\\\/#breadcrumb\"},\"inLanguage\":\"en-GB\",\"potentialAction\":[{\"@type\":\"ReadAction\",\"target\":[\"https:\\\/\\\/www.sammlung-klee.de\\\/about\\\/\"]}]},{\"@type\":\"BreadcrumbList\",\"@id\":\"https:\\\/\\\/www.sammlung-klee.de\\\/about\\\/#breadcrumb\",\"itemListElement\":[{\"@type\":\"ListItem\",\"position\":1,\"name\":\"Home\",\"item\":\"https:\\\/\\\/www.sammlung-klee.de\\\/\"},{\"@type\":\"ListItem\",\"position\":2,\"name\":\"about\"}]},{\"@type\":\"WebSite\",\"@id\":\"https:\\\/\\\/www.sammlung-klee.de\\\/#website\",\"url\":\"https:\\\/\\\/www.sammlung-klee.de\\\/\",\"name\":\"sammlung klee\",\"description\":\"architektur visualisierung\",\"publisher\":{\"@id\":\"https:\\\/\\\/www.sammlung-klee.de\\\/#organization\"},\"potentialAction\":[{\"@type\":\"SearchAction\",\"target\":{\"@type\":\"EntryPoint\",\"urlTemplate\":\"https:\\\/\\\/www.sammlung-klee.de\\\/?s={search_term_string}\"},\"query-input\":{\"@type\":\"PropertyValueSpecification\",\"valueRequired\":true,\"valueName\":\"search_term_string\"}}],\"inLanguage\":\"en-GB\"},{\"@type\":\"Organization\",\"@id\":\"https:\\\/\\\/www.sammlung-klee.de\\\/#organization\",\"name\":\"sammlung klee\",\"url\":\"https:\\\/\\\/www.sammlung-klee.de\\\/\",\"logo\":{\"@type\":\"ImageObject\",\"inLanguage\":\"en-GB\",\"@id\":\"https:\\\/\\\/www.sammlung-klee.de\\\/#\\\/schema\\\/logo\\\/image\\\/\",\"url\":\"https:\\\/\\\/www.sammlung-klee.de\\\/wp-content\\\/uploads\\\/cropped-sammlung_klee_logo-1-1536x364-1-1.png\",\"contentUrl\":\"https:\\\/\\\/www.sammlung-klee.de\\\/wp-content\\\/uploads\\\/cropped-sammlung_klee_logo-1-1536x364-1-1.png\",\"width\":1536,\"height\":364,\"caption\":\"sammlung klee\"},\"image\":{\"@id\":\"https:\\\/\\\/www.sammlung-klee.de\\\/#\\\/schema\\\/logo\\\/image\\\/\"},\"sameAs\":[\"https:\\\/\\\/www.instagram.com\\\/sammlungklee\\\/\"]}]}<\/script>\n<!-- \/ Yoast SEO plugin. -->","yoast_head_json":{"title":"about | sammlung klee","robots":{"index":"index","follow":"follow","max-snippet":"max-snippet:-1","max-image-preview":"max-image-preview:large","max-video-preview":"max-video-preview:-1"},"canonical":"https:\/\/www.sammlung-klee.de\/en\/about\/","og_locale":"en_GB","og_type":"article","og_title":"about | sammlung klee","og_description":"Sammlung Klee erstellt Bilder \u2013 oft vom ersten Konzept bis zum finalen Design. Dabei sind wir nicht nur Visualisierer, sondern auch selbst Gestalter. Als Architekten beginnt unsere Arbeit nicht erst bei der Visualisierung, sondern oft bereits in der fr\u00fchen Konzeptionsphase. Wir entwerfen R\u00e4ume, M\u00f6bel, Objekte. Und am Ende steht ein Bild, eine Animation, eine komplette [&hellip;]","og_url":"https:\/\/www.sammlung-klee.de\/en\/about\/","og_site_name":"sammlung klee","article_modified_time":"2024-11-27T14:01:06+00:00","og_image":[{"width":1536,"height":364,"url":"https:\/\/www.sammlung-klee.de\/wp-content\/uploads\/cropped-sammlung_klee_logo-1-1536x364-1-1.png","type":"image\/png"}],"twitter_card":"summary_large_image","twitter_misc":{"Estimated reading time":"2 minutes"},"schema":{"@context":"https:\/\/schema.org","@graph":[{"@type":"WebPage","@id":"https:\/\/www.sammlung-klee.de\/about\/","url":"https:\/\/www.sammlung-klee.de\/about\/","name":"about | sammlung klee","isPartOf":{"@id":"https:\/\/www.sammlung-klee.de\/#website"},"datePublished":"2024-11-27T13:55:44+00:00","dateModified":"2024-11-27T14:01:06+00:00","breadcrumb":{"@id":"https:\/\/www.sammlung-klee.de\/about\/#breadcrumb"},"inLanguage":"en-GB","potentialAction":[{"@type":"ReadAction","target":["https:\/\/www.sammlung-klee.de\/about\/"]}]},{"@type":"BreadcrumbList","@id":"https:\/\/www.sammlung-klee.de\/about\/#breadcrumb","itemListElement":[{"@type":"ListItem","position":1,"name":"Home","item":"https:\/\/www.sammlung-klee.de\/"},{"@type":"ListItem","position":2,"name":"about"}]},{"@type":"WebSite","@id":"https:\/\/www.sammlung-klee.de\/#website","url":"https:\/\/www.sammlung-klee.de\/","name":"sammlung klee","description":"architektur visualisierung","publisher":{"@id":"https:\/\/www.sammlung-klee.de\/#organization"},"potentialAction":[{"@type":"SearchAction","target":{"@type":"EntryPoint","urlTemplate":"https:\/\/www.sammlung-klee.de\/?s={search_term_string}"},"query-input":{"@type":"PropertyValueSpecification","valueRequired":true,"valueName":"search_term_string"}}],"inLanguage":"en-GB"},{"@type":"Organization","@id":"https:\/\/www.sammlung-klee.de\/#organization","name":"sammlung klee","url":"https:\/\/www.sammlung-klee.de\/","logo":{"@type":"ImageObject","inLanguage":"en-GB","@id":"https:\/\/www.sammlung-klee.de\/#\/schema\/logo\/image\/","url":"https:\/\/www.sammlung-klee.de\/wp-content\/uploads\/cropped-sammlung_klee_logo-1-1536x364-1-1.png","contentUrl":"https:\/\/www.sammlung-klee.de\/wp-content\/uploads\/cropped-sammlung_klee_logo-1-1536x364-1-1.png","width":1536,"height":364,"caption":"sammlung klee"},"image":{"@id":"https:\/\/www.sammlung-klee.de\/#\/schema\/logo\/image\/"},"sameAs":["https:\/\/www.instagram.com\/sammlungklee\/"]}]}},"_links":{"self":[{"href":"https:\/\/www.sammlung-klee.de\/en\/wp-json\/wp\/v2\/pages\/559","targetHints":{"allow":["GET"]}}],"collection":[{"href":"https:\/\/www.sammlung-klee.de\/en\/wp-json\/wp\/v2\/pages"}],"about":[{"href":"https:\/\/www.sammlung-klee.de\/en\/wp-json\/wp\/v2\/types\/page"}],"author":[{"embeddable":true,"href":"https:\/\/www.sammlung-klee.de\/en\/wp-json\/wp\/v2\/users\/1"}],"replies":[{"embeddable":true,"href":"https:\/\/www.sammlung-klee.de\/en\/wp-json\/wp\/v2\/comments?post=559"}],"version-history":[{"count":4,"href":"https:\/\/www.sammlung-klee.de\/en\/wp-json\/wp\/v2\/pages\/559\/revisions"}],"predecessor-version":[{"id":565,"href":"https:\/\/www.sammlung-klee.de\/en\/wp-json\/wp\/v2\/pages\/559\/revisions\/565"}],"wp:attachment":[{"href":"https:\/\/www.sammlung-klee.de\/en\/wp-json\/wp\/v2\/media?parent=559"}],"curies":[{"name":"wp","href":"https:\/\/api.w.org\/{rel}","templated":true}]}}